{"id":392,"date":"2015-10-15T13:43:44","date_gmt":"2015-10-15T11:43:44","guid":{"rendered":"http:\/\/www.finchwhisky-hotelkrone.de\/html\/en\/?page_id=392"},"modified":"2024-11-09T17:24:04","modified_gmt":"2024-11-09T16:24:04","slug":"hotel-krone-in-nellingen-whiskytastings-tagungen-und-events-auf-der-alb","status":"publish","type":"page","link":"https:\/\/www.krone-nellingen.de","title":{"rendered":"Aktuelles"},"content":{"rendered":"<div class=\"margin-bottom clearfix\"><div class=\"clearfix\"><div class=\"col4\">&nbsp;<\/div><div class=\"col8 last\"><p><strong>Betriebsurlaub<\/strong><\/p>\n<p>Wir befinden uns vom 02.04.2026 bis einschlie\u00dflich 06.04.2026 im Osterurlaub.<\/p>\n<p>In dieser Zeit hat unser Hotel und Restaurant geschlossen.<\/p>\n<p><strong>Bei Anfragen zum Restaurant und Hotel k\u00f6nnen Sie uns gerne eine E-Mail an <a href=\"mailto:info@krone-nellingen.de\">info@krone-nellingen.de<\/a> senden. <\/strong><\/p>\n<p>Ab Dienstag 07.04.2026 sind wir wieder wie gewohnt f\u00fcr sie da.<\/p>\n<p>Wir w\u00fcnschen Ihnen frohe Ostern und erholsame Feiertage.<\/p>\n<p>Ihre Familie Stricker mit Wirtshaus-Krone-Team<\/p>\n<\/div><\/div><div class=\"clearfix\"><div class=\"col4\">&nbsp;<\/div><div class=\"col8 last\"><div class=\"divider\"><\/div><\/div><\/div><\/div><div class=\"margin-bottom clearfix\"><div class=\"clearfix\"><div class=\"col4\"><img decoding=\"async\" src=\"https:\/\/www.krone-nellingen.de\/wp-content\/uploads\/IMG_20250128_142702-01-scaled-e1765834246454.jpeg\" alt=\"\"\/><\/div><div class=\"col8 last\"><p><strong>Appetitanreger gef\u00e4llig?<\/strong><\/p>\r\n<p>Unsere aktuelle <a href=\"https:\/\/www.krone-nellingen.de\/wp-content\/uploads\/hotel_krone_speisekarte_winter_2025_rz.pdf\">Speisekarte<\/a><\/p>\r\n<p>Alle Speisen bieten wir Ihnen auch gerne zum mitnehmen und abholen an.<\/p>\r\n<p><\/p>\r\n\r\n\r\n<p><\/p>\r\n<\/div><\/div><div class=\"clearfix\"><div class=\"col4\">&nbsp;<\/div><div class=\"col8 last\"><div class=\"divider\"><\/div><\/div><\/div><\/div><div class=\"margin-bottom clearfix\"><div class=\"clearfix\"><div class=\"col4\"><img decoding=\"async\" src=\"https:\/\/www.krone-nellingen.de\/wp-content\/uploads\/2015\/09\/klinker_aktuell2-e1765834195345.jpg\" alt=\"\"\/><\/div><div class=\"col8 last\"><p><strong>Offene Sonn-, Feiertage und Events<\/strong><\/p>\n<p>Wir haben an folgenden Sonntagen und Feiertagen unser Restaurant ge\u00f6ffnet:<\/p>\n<ul>\n<li>Sonntag, 12.04.2026 mittags ge\u00f6ffnet &#8222;ofenfrisches Sch\u00e4ufele&#8220;<\/li>\n<li>Dienstag, 14.04.2026 ab 17 Uhr &#8222;Schnitzel Party&#8220;<\/li>\n<li>Sonntag, 19.04.2026 ab 17 Uhr ge\u00f6ffnet<\/li>\n<li>Freitag, 01.05.2026 ab 16.00 Uhr ge\u00f6ffnet<\/li>\n<li>Sonntag, 03.05.2026 mittags ge\u00f6ffnet<\/li>\n<li>Sonntag, 10.05.2026 (Muttertag) mittags ge\u00f6ffnet<\/li>\n<li>Donnerstag 14.05.2026 ab 9.30 Uhr ge\u00f6ffnet (Vatertag) &#8222;Wei\u00dfwurstfr\u00fchst\u00fcck und anschlie\u00dfend mittags ge\u00f6ffnet&#8220;<\/li>\n<li>Sonntag, 24.05.2026 (Pfingstsonntag) ab 17 Uhr ge\u00f6ffnet<\/li>\n<\/ul>\n<p>&nbsp;<\/p>\n<p>Wir bitten um Reservierung!<\/p>\n<\/div><\/div><div class=\"clearfix\"><div class=\"col4\">&nbsp;<\/div><div class=\"col8 last\"><div class=\"divider\"><\/div><\/div><\/div><\/div><div class=\"margin-bottom clearfix\"><div class=\"clearfix\"><div class=\"col4\"><img decoding=\"async\" src=\"https:\/\/www.krone-nellingen.de\/wp-content\/uploads\/2015\/09\/klinker_aktuell4-e1765834146787.jpg\" alt=\"\"\/><\/div><div class=\"col8 last\">\r\n<p><strong>Unsere aktuellen Tastings mit Brennereif\u00fchrung<\/strong><br \/>Wir servieren Ihnen ein kreatives Tasting Men\u00fc mit sorgf\u00e4ltig darauf abgestimmten Whiskys oder Destillaten, vielen spannenden Informationen und unterhaltsamen Anekdoten rund um das Thema internationale Whiskys, finch Whisky und Spirituosen.<\/p>\r\n\r\n\r\n\r\n<p>Um Anmeldung wird gebeten.<\/p>\r\n\r\n\r\n\r\n<p><strong>Die n\u00e4chsten Whisky-Tasting Termine (99,00\u20ac p. P.):<\/strong><\/p>\r\n<ul class=\"wp-block-list\">\r\n<li>Samstag, 11.04.2026 um 19.00 Uhr &#8211; 4-Gang Men\u00fc mit 5 Whiskys<\/li>\r\n<\/ul>\r\n<p>&#8230; weitere Termine f\u00fcr Herbst\/Winter 2026 folgen.<\/p>\r\n\r\n\r\n\r\n<p>&nbsp;<\/p>\r\n<!-- \/wp:post-content -->\r\n\r\n<!-- wp:paragraph -->\r\n<p><a href=\"\/index.php\/tastings\">Hier erfahren Sie mehr \u00fcber unsere Tastings.<\/a>.<\/p>\r\n<!-- \/wp:paragraph --><\/div><\/div><div class=\"clearfix\"><div class=\"col4\">&nbsp;<\/div><div class=\"col8 last\"><div class=\"divider\"><\/div><\/div><\/div><\/div><div class=\"margin-bottom clearfix\"><div class=\"clearfix\"><div class=\"col4\"><img decoding=\"async\" src=\"https:\/\/www.krone-nellingen.de\/wp-content\/uploads\/IMG_20240911_095838-scaled-e1765834092733.jpg\" alt=\"\"\/><\/div><div class=\"col8 last\"><p><strong>BBQ Events<\/strong><\/p>\r\n<ul class=\"wp-block-list\">\r\n<li>neue Termine f\u00fcr 2026 folgen &#8230;<\/li>\r\n<!-- \/wp:post-content -->\r\n\r\n<!-- wp:list-item \/--><\/ul>\r\n<p>Wir bitten um Reservierung!<\/p>\r\n<!-- \/wp:list --><\/div><\/div><div class=\"clearfix\"><div class=\"col4\">&nbsp;<\/div><div class=\"col8 last\"><div class=\"divider\"><\/div><\/div><\/div><\/div><div class=\"margin-bottom clearfix\"><div class=\"clearfix\"><div class=\"col4\"><img decoding=\"async\" src=\"https:\/\/www.krone-nellingen.de\/wp-content\/uploads\/IMG_20240921_171406_891-e1765833998491.jpg\" alt=\"\"\/><\/div><div class=\"col8 last\"><p><strong>Wurstsalat Buffet<\/strong><\/p>\r\n<p>Die n\u00e4chsten Wurstsalat Buffet Termine (14,90 \u20ac p. P.):<\/p>\r\n\r\n<p>Freitag, 23.04.2026 von 17:00 &#8211; 20:00 Uhr (Tag des deutschen Bieres)<\/p>\r\n\r\n<p>Wir bitten um Reservierung!<\/p><\/div><\/div><div class=\"clearfix\"><div class=\"col4\">&nbsp;<\/div><div class=\"col8 last\"><div class=\"divider\"><\/div><\/div><\/div><\/div>\n","protected":false},"excerpt":{"rendered":"","protected":false},"author":1,"featured_media":1047,"parent":0,"menu_order":0,"comment_status":"closed","ping_status":"closed","template":"","meta":{"footnotes":""},"class_list":["post-392","page","type-page","status-publish","has-post-thumbnail","hentry"],"yoast_head":"<!-- This site is optimized with the Yoast SEO plugin v27.3 - https:\/\/yoast.com\/product\/yoast-seo-wordpress\/ -->\n<title>Hotel Krone in Nellingen - Tagungen und Events auf der Schw\u00e4bischen Alb<\/title>\n<meta name=\"description\" content=\"Ideal f\u00fcr Gesch\u00e4ftsreisende und Urlauber bietet unser Hotel gem\u00fctliche Zimmer, regionale K\u00fcche und die perfekte Lage zur Erkundung der Schw\u00e4bischen Alb.\" \/>\n<meta name=\"robots\" content=\"index, follow, max-snippet:-1, max-image-preview:large, max-video-preview:-1\" \/>\n<link rel=\"canonical\" href=\"https:\/\/www.krone-nellingen.de\/\" \/>\n<meta property=\"og:locale\" content=\"de_DE\" \/>\n<meta property=\"og:type\" content=\"article\" \/>\n<meta property=\"og:title\" content=\"Hotel Krone in Nellingen - Tagungen und Events auf der Schw\u00e4bischen Alb\" \/>\n<meta property=\"og:description\" content=\"Ideal f\u00fcr Gesch\u00e4ftsreisende und Urlauber bietet unser Hotel gem\u00fctliche Zimmer, regionale K\u00fcche und die perfekte Lage zur Erkundung der Schw\u00e4bischen Alb.\" \/>\n<meta property=\"og:url\" content=\"https:\/\/www.krone-nellingen.de\/\" \/>\n<meta property=\"og:site_name\" content=\"Hotel Krone Nellingen\" \/>\n<meta property=\"article:modified_time\" content=\"2024-11-09T16:24:04+00:00\" \/>\n<meta property=\"og:image\" content=\"https:\/\/www.krone-nellingen.de\/wp-content\/uploads\/Dehoga-Bild.jpg\" \/>\n\t<meta property=\"og:image:width\" content=\"1280\" \/>\n\t<meta property=\"og:image:height\" content=\"854\" \/>\n\t<meta property=\"og:image:type\" content=\"image\/jpeg\" \/>\n<meta name=\"twitter:card\" content=\"summary_large_image\" \/>\n<meta name=\"twitter:label1\" content=\"Gesch\u00e4tzte Lesezeit\" \/>\n\t<meta name=\"twitter:data1\" content=\"1\u00a0Minute\" \/>\n<script type=\"application\/ld+json\" class=\"yoast-schema-graph\">{\"@context\":\"https:\\\/\\\/schema.org\",\"@graph\":[{\"@type\":\"WebPage\",\"@id\":\"https:\\\/\\\/www.krone-nellingen.de\\\/\",\"url\":\"https:\\\/\\\/www.krone-nellingen.de\\\/\",\"name\":\"Hotel Krone in Nellingen - Tagungen und Events auf der Schw\u00e4bischen Alb\",\"isPartOf\":{\"@id\":\"https:\\\/\\\/www.krone-nellingen.de\\\/?lang=en\\\/#website\"},\"primaryImageOfPage\":{\"@id\":\"https:\\\/\\\/www.krone-nellingen.de\\\/#primaryimage\"},\"image\":{\"@id\":\"https:\\\/\\\/www.krone-nellingen.de\\\/#primaryimage\"},\"thumbnailUrl\":\"https:\\\/\\\/www.krone-nellingen.de\\\/wp-content\\\/uploads\\\/Dehoga-Bild.jpg\",\"datePublished\":\"2015-10-15T11:43:44+00:00\",\"dateModified\":\"2024-11-09T16:24:04+00:00\",\"description\":\"Ideal f\u00fcr Gesch\u00e4ftsreisende und Urlauber bietet unser Hotel gem\u00fctliche Zimmer, regionale K\u00fcche und die perfekte Lage zur Erkundung der Schw\u00e4bischen Alb.\",\"breadcrumb\":{\"@id\":\"https:\\\/\\\/www.krone-nellingen.de\\\/#breadcrumb\"},\"inLanguage\":\"de\",\"potentialAction\":[{\"@type\":\"ReadAction\",\"target\":[\"https:\\\/\\\/www.krone-nellingen.de\\\/\"]}]},{\"@type\":\"ImageObject\",\"inLanguage\":\"de\",\"@id\":\"https:\\\/\\\/www.krone-nellingen.de\\\/#primaryimage\",\"url\":\"https:\\\/\\\/www.krone-nellingen.de\\\/wp-content\\\/uploads\\\/Dehoga-Bild.jpg\",\"contentUrl\":\"https:\\\/\\\/www.krone-nellingen.de\\\/wp-content\\\/uploads\\\/Dehoga-Bild.jpg\",\"width\":1280,\"height\":854},{\"@type\":\"BreadcrumbList\",\"@id\":\"https:\\\/\\\/www.krone-nellingen.de\\\/#breadcrumb\",\"itemListElement\":[{\"@type\":\"ListItem\",\"position\":1,\"name\":\"Startseite\",\"item\":\"https:\\\/\\\/www.krone-nellingen.de\\\/\"},{\"@type\":\"ListItem\",\"position\":2,\"name\":\"Aktuelles\"}]},{\"@type\":\"WebSite\",\"@id\":\"https:\\\/\\\/www.krone-nellingen.de\\\/?lang=en\\\/#website\",\"url\":\"https:\\\/\\\/www.krone-nellingen.de\\\/?lang=en\\\/\",\"name\":\"Hotel Krone Nellingen\",\"description\":\"Hotel Krone\",\"publisher\":{\"@id\":\"https:\\\/\\\/www.krone-nellingen.de\\\/?lang=en\\\/#organization\"},\"potentialAction\":[{\"@type\":\"SearchAction\",\"target\":{\"@type\":\"EntryPoint\",\"urlTemplate\":\"https:\\\/\\\/www.krone-nellingen.de\\\/?lang=en\\\/?s={search_term_string}\"},\"query-input\":{\"@type\":\"PropertyValueSpecification\",\"valueRequired\":true,\"valueName\":\"search_term_string\"}}],\"inLanguage\":\"de\"},{\"@type\":\"Organization\",\"@id\":\"https:\\\/\\\/www.krone-nellingen.de\\\/?lang=en\\\/#organization\",\"name\":\"Hotel Krone\",\"url\":\"https:\\\/\\\/www.krone-nellingen.de\\\/?lang=en\\\/\",\"logo\":{\"@type\":\"ImageObject\",\"inLanguage\":\"de\",\"@id\":\"https:\\\/\\\/www.krone-nellingen.de\\\/?lang=en\\\/#\\\/schema\\\/logo\\\/image\\\/\",\"url\":\"https:\\\/\\\/www.krone-nellingen.de\\\/wp-content\\\/uploads\\\/logo-hotel-krone-neu.png\",\"contentUrl\":\"https:\\\/\\\/www.krone-nellingen.de\\\/wp-content\\\/uploads\\\/logo-hotel-krone-neu.png\",\"width\":585,\"height\":416,\"caption\":\"Hotel Krone\"},\"image\":{\"@id\":\"https:\\\/\\\/www.krone-nellingen.de\\\/?lang=en\\\/#\\\/schema\\\/logo\\\/image\\\/\"}}]}<\/script>\n<!-- \/ Yoast SEO plugin. -->","yoast_head_json":{"title":"Hotel Krone in Nellingen - Tagungen und Events auf der Schw\u00e4bischen Alb","description":"Ideal f\u00fcr Gesch\u00e4ftsreisende und Urlauber bietet unser Hotel gem\u00fctliche Zimmer, regionale K\u00fcche und die perfekte Lage zur Erkundung der Schw\u00e4bischen Alb.","robots":{"index":"index","follow":"follow","max-snippet":"max-snippet:-1","max-image-preview":"max-image-preview:large","max-video-preview":"max-video-preview:-1"},"canonical":"https:\/\/www.krone-nellingen.de\/","og_locale":"de_DE","og_type":"article","og_title":"Hotel Krone in Nellingen - Tagungen und Events auf der Schw\u00e4bischen Alb","og_description":"Ideal f\u00fcr Gesch\u00e4ftsreisende und Urlauber bietet unser Hotel gem\u00fctliche Zimmer, regionale K\u00fcche und die perfekte Lage zur Erkundung der Schw\u00e4bischen Alb.","og_url":"https:\/\/www.krone-nellingen.de\/","og_site_name":"Hotel Krone Nellingen","article_modified_time":"2024-11-09T16:24:04+00:00","og_image":[{"width":1280,"height":854,"url":"https:\/\/www.krone-nellingen.de\/wp-content\/uploads\/Dehoga-Bild.jpg","type":"image\/jpeg"}],"twitter_card":"summary_large_image","twitter_misc":{"Gesch\u00e4tzte Lesezeit":"1\u00a0Minute"},"schema":{"@context":"https:\/\/schema.org","@graph":[{"@type":"WebPage","@id":"https:\/\/www.krone-nellingen.de\/","url":"https:\/\/www.krone-nellingen.de\/","name":"Hotel Krone in Nellingen - Tagungen und Events auf der Schw\u00e4bischen Alb","isPartOf":{"@id":"https:\/\/www.krone-nellingen.de\/?lang=en\/#website"},"primaryImageOfPage":{"@id":"https:\/\/www.krone-nellingen.de\/#primaryimage"},"image":{"@id":"https:\/\/www.krone-nellingen.de\/#primaryimage"},"thumbnailUrl":"https:\/\/www.krone-nellingen.de\/wp-content\/uploads\/Dehoga-Bild.jpg","datePublished":"2015-10-15T11:43:44+00:00","dateModified":"2024-11-09T16:24:04+00:00","description":"Ideal f\u00fcr Gesch\u00e4ftsreisende und Urlauber bietet unser Hotel gem\u00fctliche Zimmer, regionale K\u00fcche und die perfekte Lage zur Erkundung der Schw\u00e4bischen Alb.","breadcrumb":{"@id":"https:\/\/www.krone-nellingen.de\/#breadcrumb"},"inLanguage":"de","potentialAction":[{"@type":"ReadAction","target":["https:\/\/www.krone-nellingen.de\/"]}]},{"@type":"ImageObject","inLanguage":"de","@id":"https:\/\/www.krone-nellingen.de\/#primaryimage","url":"https:\/\/www.krone-nellingen.de\/wp-content\/uploads\/Dehoga-Bild.jpg","contentUrl":"https:\/\/www.krone-nellingen.de\/wp-content\/uploads\/Dehoga-Bild.jpg","width":1280,"height":854},{"@type":"BreadcrumbList","@id":"https:\/\/www.krone-nellingen.de\/#breadcrumb","itemListElement":[{"@type":"ListItem","position":1,"name":"Startseite","item":"https:\/\/www.krone-nellingen.de\/"},{"@type":"ListItem","position":2,"name":"Aktuelles"}]},{"@type":"WebSite","@id":"https:\/\/www.krone-nellingen.de\/?lang=en\/#website","url":"https:\/\/www.krone-nellingen.de\/?lang=en\/","name":"Hotel Krone Nellingen","description":"Hotel Krone","publisher":{"@id":"https:\/\/www.krone-nellingen.de\/?lang=en\/#organization"},"potentialAction":[{"@type":"SearchAction","target":{"@type":"EntryPoint","urlTemplate":"https:\/\/www.krone-nellingen.de\/?lang=en\/?s={search_term_string}"},"query-input":{"@type":"PropertyValueSpecification","valueRequired":true,"valueName":"search_term_string"}}],"inLanguage":"de"},{"@type":"Organization","@id":"https:\/\/www.krone-nellingen.de\/?lang=en\/#organization","name":"Hotel Krone","url":"https:\/\/www.krone-nellingen.de\/?lang=en\/","logo":{"@type":"ImageObject","inLanguage":"de","@id":"https:\/\/www.krone-nellingen.de\/?lang=en\/#\/schema\/logo\/image\/","url":"https:\/\/www.krone-nellingen.de\/wp-content\/uploads\/logo-hotel-krone-neu.png","contentUrl":"https:\/\/www.krone-nellingen.de\/wp-content\/uploads\/logo-hotel-krone-neu.png","width":585,"height":416,"caption":"Hotel Krone"},"image":{"@id":"https:\/\/www.krone-nellingen.de\/?lang=en\/#\/schema\/logo\/image\/"}}]}},"_links":{"self":[{"href":"https:\/\/www.krone-nellingen.de\/index.php\/wp-json\/wp\/v2\/pages\/392","targetHints":{"allow":["GET"]}}],"collection":[{"href":"https:\/\/www.krone-nellingen.de\/index.php\/wp-json\/wp\/v2\/pages"}],"about":[{"href":"https:\/\/www.krone-nellingen.de\/index.php\/wp-json\/wp\/v2\/types\/page"}],"author":[{"embeddable":true,"href":"https:\/\/www.krone-nellingen.de\/index.php\/wp-json\/wp\/v2\/users\/1"}],"replies":[{"embeddable":true,"href":"https:\/\/www.krone-nellingen.de\/index.php\/wp-json\/wp\/v2\/comments?post=392"}],"version-history":[{"count":8,"href":"https:\/\/www.krone-nellingen.de\/index.php\/wp-json\/wp\/v2\/pages\/392\/revisions"}],"predecessor-version":[{"id":1660,"href":"https:\/\/www.krone-nellingen.de\/index.php\/wp-json\/wp\/v2\/pages\/392\/revisions\/1660"}],"wp:featuredmedia":[{"embeddable":true,"href":"https:\/\/www.krone-nellingen.de\/index.php\/wp-json\/wp\/v2\/media\/1047"}],"wp:attachment":[{"href":"https:\/\/www.krone-nellingen.de\/index.php\/wp-json\/wp\/v2\/media?parent=392"}],"curies":[{"name":"wp","href":"https:\/\/api.w.org\/{rel}","templated":true}]}}