{"id":396,"date":"2015-10-15T13:45:34","date_gmt":"2015-10-15T11:45:34","guid":{"rendered":"http:\/\/www.finchwhisky-hotelkrone.de\/html\/?page_id=396"},"modified":"2024-07-02T18:16:24","modified_gmt":"2024-07-02T16:16:24","slug":"hofladen","status":"publish","type":"page","link":"https:\/\/www.krone-nellingen.de\/index.php\/hofladen","title":{"rendered":"Hofladen"},"content":{"rendered":"<div class=\"margin-bottom clearfix\">\n<div class=\"col4\">&nbsp;<\/div>\n<div class=\"col8 last\">\n<p>Sie lieben unsere Whiskyspezialit\u00e4ten und Edelbr\u00e4nde und wollen auch daheim nicht darauf verzichten \u2013 kein Problem. In unserem gem\u00fctlichen Hofladen finden Sie das gesamte Sortiment, sowie weitere Lebensmittel von ausgesuchten Betrieben aus der Region.<\/p>\n<p><strong>Wir haben f\u00fcr Sie im Sortiment:<\/strong><br \/>\nDestillate, Lik\u00f6re und finch Whisky<br \/>\nSp\u00e4tzle<br \/>\nAlb-Linsen<br \/>\nHonig von der Alb<br \/>\nW\u00fcrttemberger Weine<\/p>\n<p><strong>Wir haben von Montag bis Samstag von 10.00 Uhr bis 21.00 Uhr f\u00fcr Sie unseren Hofladen ge\u00f6ffnet und freuen uns auf Ihren Besuch.<\/strong><\/p>\n<\/div>\n<\/div>\n","protected":false},"excerpt":{"rendered":"<p>&nbsp; Sie lieben unsere Whiskyspezialit\u00e4ten und Edelbr\u00e4nde und wollen auch daheim nicht darauf verzichten \u2013 kein Problem. In unserem gem\u00fctlichen Hofladen finden Sie das gesamte Sortiment, sowie weitere Lebensmittel von ausgesuchten Betrieben aus der Region. Wir haben f\u00fcr Sie im Sortiment: Destillate, Lik\u00f6re und finch Whisky Sp\u00e4tzle Alb-Linsen Honig von der Alb W\u00fcrttemberger Weine Wir [&hellip;]<\/p>\n","protected":false},"author":1,"featured_media":0,"parent":0,"menu_order":0,"comment_status":"closed","ping_status":"closed","template":"","meta":{"footnotes":""},"class_list":["post-396","page","type-page","status-publish","hentry"],"yoast_head":"<!-- This site is optimized with the Yoast SEO plugin v27.6 - https:\/\/yoast.com\/product\/yoast-seo-wordpress\/ -->\n<title>Whiskyshop in Nellingen - finch Whisky und mehr<\/title>\n<meta name=\"description\" content=\"Entdecken Sie den Hofladen des Hotel Krone in Nellingen. Genie\u00dfen Sie eine exklusive Auswahl an erlesenen Whiskys. Besuchen Sie uns f\u00fcr Qualit\u00e4t und Genuss.\" \/>\n<meta name=\"robots\" content=\"index, follow, max-snippet:-1, max-image-preview:large, max-video-preview:-1\" \/>\n<link rel=\"canonical\" href=\"https:\/\/www.krone-nellingen.de\/index.php\/hofladen\" \/>\n<meta property=\"og:locale\" content=\"de_DE\" \/>\n<meta property=\"og:type\" content=\"article\" \/>\n<meta property=\"og:title\" content=\"Whiskyshop in Nellingen - finch Whisky und mehr\" \/>\n<meta property=\"og:description\" content=\"Entdecken Sie den Hofladen des Hotel Krone in Nellingen. Genie\u00dfen Sie eine exklusive Auswahl an erlesenen Whiskys. Besuchen Sie uns f\u00fcr Qualit\u00e4t und Genuss.\" \/>\n<meta property=\"og:url\" content=\"https:\/\/www.krone-nellingen.de\/index.php\/hofladen\" \/>\n<meta property=\"og:site_name\" content=\"Hotel Krone Nellingen\" \/>\n<meta property=\"article:modified_time\" content=\"2024-07-02T16:16:24+00:00\" \/>\n<meta name=\"twitter:card\" content=\"summary_large_image\" \/>\n<meta name=\"twitter:label1\" content=\"Gesch\u00e4tzte Lesezeit\" \/>\n\t<meta name=\"twitter:data1\" content=\"1\u00a0Minute\" \/>\n<script type=\"application\/ld+json\" class=\"yoast-schema-graph\">{\"@context\":\"https:\\\/\\\/schema.org\",\"@graph\":[{\"@type\":\"WebPage\",\"@id\":\"https:\\\/\\\/www.krone-nellingen.de\\\/index.php\\\/hofladen\",\"url\":\"https:\\\/\\\/www.krone-nellingen.de\\\/index.php\\\/hofladen\",\"name\":\"Whiskyshop in Nellingen - finch Whisky und mehr\",\"isPartOf\":{\"@id\":\"https:\\\/\\\/www.krone-nellingen.de\\\/?lang=en\\\/#website\"},\"datePublished\":\"2015-10-15T11:45:34+00:00\",\"dateModified\":\"2024-07-02T16:16:24+00:00\",\"description\":\"Entdecken Sie den Hofladen des Hotel Krone in Nellingen. Genie\u00dfen Sie eine exklusive Auswahl an erlesenen Whiskys. Besuchen Sie uns f\u00fcr Qualit\u00e4t und Genuss.\",\"breadcrumb\":{\"@id\":\"https:\\\/\\\/www.krone-nellingen.de\\\/index.php\\\/hofladen#breadcrumb\"},\"inLanguage\":\"de\",\"potentialAction\":[{\"@type\":\"ReadAction\",\"target\":[\"https:\\\/\\\/www.krone-nellingen.de\\\/index.php\\\/hofladen\"]}]},{\"@type\":\"BreadcrumbList\",\"@id\":\"https:\\\/\\\/www.krone-nellingen.de\\\/index.php\\\/hofladen#breadcrumb\",\"itemListElement\":[{\"@type\":\"ListItem\",\"position\":1,\"name\":\"Startseite\",\"item\":\"https:\\\/\\\/www.krone-nellingen.de\\\/\"},{\"@type\":\"ListItem\",\"position\":2,\"name\":\"Hofladen\"}]},{\"@type\":\"WebSite\",\"@id\":\"https:\\\/\\\/www.krone-nellingen.de\\\/?lang=en\\\/#website\",\"url\":\"https:\\\/\\\/www.krone-nellingen.de\\\/?lang=en\\\/\",\"name\":\"Hotel Krone Nellingen\",\"description\":\"Hotel Krone\",\"publisher\":{\"@id\":\"https:\\\/\\\/www.krone-nellingen.de\\\/?lang=en\\\/#organization\"},\"potentialAction\":[{\"@type\":\"SearchAction\",\"target\":{\"@type\":\"EntryPoint\",\"urlTemplate\":\"https:\\\/\\\/www.krone-nellingen.de\\\/?lang=en\\\/?s={search_term_string}\"},\"query-input\":{\"@type\":\"PropertyValueSpecification\",\"valueRequired\":true,\"valueName\":\"search_term_string\"}}],\"inLanguage\":\"de\"},{\"@type\":\"Organization\",\"@id\":\"https:\\\/\\\/www.krone-nellingen.de\\\/?lang=en\\\/#organization\",\"name\":\"Hotel Krone\",\"url\":\"https:\\\/\\\/www.krone-nellingen.de\\\/?lang=en\\\/\",\"logo\":{\"@type\":\"ImageObject\",\"inLanguage\":\"de\",\"@id\":\"https:\\\/\\\/www.krone-nellingen.de\\\/?lang=en\\\/#\\\/schema\\\/logo\\\/image\\\/\",\"url\":\"https:\\\/\\\/www.krone-nellingen.de\\\/wp-content\\\/uploads\\\/logo-hotel-krone-neu.png\",\"contentUrl\":\"https:\\\/\\\/www.krone-nellingen.de\\\/wp-content\\\/uploads\\\/logo-hotel-krone-neu.png\",\"width\":585,\"height\":416,\"caption\":\"Hotel Krone\"},\"image\":{\"@id\":\"https:\\\/\\\/www.krone-nellingen.de\\\/?lang=en\\\/#\\\/schema\\\/logo\\\/image\\\/\"}}]}<\/script>\n<!-- \/ Yoast SEO plugin. -->","yoast_head_json":{"title":"Whiskyshop in Nellingen - finch Whisky und mehr","description":"Entdecken Sie den Hofladen des Hotel Krone in Nellingen. Genie\u00dfen Sie eine exklusive Auswahl an erlesenen Whiskys. Besuchen Sie uns f\u00fcr Qualit\u00e4t und Genuss.","robots":{"index":"index","follow":"follow","max-snippet":"max-snippet:-1","max-image-preview":"max-image-preview:large","max-video-preview":"max-video-preview:-1"},"canonical":"https:\/\/www.krone-nellingen.de\/index.php\/hofladen","og_locale":"de_DE","og_type":"article","og_title":"Whiskyshop in Nellingen - finch Whisky und mehr","og_description":"Entdecken Sie den Hofladen des Hotel Krone in Nellingen. Genie\u00dfen Sie eine exklusive Auswahl an erlesenen Whiskys. Besuchen Sie uns f\u00fcr Qualit\u00e4t und Genuss.","og_url":"https:\/\/www.krone-nellingen.de\/index.php\/hofladen","og_site_name":"Hotel Krone Nellingen","article_modified_time":"2024-07-02T16:16:24+00:00","twitter_card":"summary_large_image","twitter_misc":{"Gesch\u00e4tzte Lesezeit":"1\u00a0Minute"},"schema":{"@context":"https:\/\/schema.org","@graph":[{"@type":"WebPage","@id":"https:\/\/www.krone-nellingen.de\/index.php\/hofladen","url":"https:\/\/www.krone-nellingen.de\/index.php\/hofladen","name":"Whiskyshop in Nellingen - finch Whisky und mehr","isPartOf":{"@id":"https:\/\/www.krone-nellingen.de\/?lang=en\/#website"},"datePublished":"2015-10-15T11:45:34+00:00","dateModified":"2024-07-02T16:16:24+00:00","description":"Entdecken Sie den Hofladen des Hotel Krone in Nellingen. Genie\u00dfen Sie eine exklusive Auswahl an erlesenen Whiskys. Besuchen Sie uns f\u00fcr Qualit\u00e4t und Genuss.","breadcrumb":{"@id":"https:\/\/www.krone-nellingen.de\/index.php\/hofladen#breadcrumb"},"inLanguage":"de","potentialAction":[{"@type":"ReadAction","target":["https:\/\/www.krone-nellingen.de\/index.php\/hofladen"]}]},{"@type":"BreadcrumbList","@id":"https:\/\/www.krone-nellingen.de\/index.php\/hofladen#breadcrumb","itemListElement":[{"@type":"ListItem","position":1,"name":"Startseite","item":"https:\/\/www.krone-nellingen.de\/"},{"@type":"ListItem","position":2,"name":"Hofladen"}]},{"@type":"WebSite","@id":"https:\/\/www.krone-nellingen.de\/?lang=en\/#website","url":"https:\/\/www.krone-nellingen.de\/?lang=en\/","name":"Hotel Krone Nellingen","description":"Hotel Krone","publisher":{"@id":"https:\/\/www.krone-nellingen.de\/?lang=en\/#organization"},"potentialAction":[{"@type":"SearchAction","target":{"@type":"EntryPoint","urlTemplate":"https:\/\/www.krone-nellingen.de\/?lang=en\/?s={search_term_string}"},"query-input":{"@type":"PropertyValueSpecification","valueRequired":true,"valueName":"search_term_string"}}],"inLanguage":"de"},{"@type":"Organization","@id":"https:\/\/www.krone-nellingen.de\/?lang=en\/#organization","name":"Hotel Krone","url":"https:\/\/www.krone-nellingen.de\/?lang=en\/","logo":{"@type":"ImageObject","inLanguage":"de","@id":"https:\/\/www.krone-nellingen.de\/?lang=en\/#\/schema\/logo\/image\/","url":"https:\/\/www.krone-nellingen.de\/wp-content\/uploads\/logo-hotel-krone-neu.png","contentUrl":"https:\/\/www.krone-nellingen.de\/wp-content\/uploads\/logo-hotel-krone-neu.png","width":585,"height":416,"caption":"Hotel Krone"},"image":{"@id":"https:\/\/www.krone-nellingen.de\/?lang=en\/#\/schema\/logo\/image\/"}}]}},"_links":{"self":[{"href":"https:\/\/www.krone-nellingen.de\/index.php\/wp-json\/wp\/v2\/pages\/396","targetHints":{"allow":["GET"]}}],"collection":[{"href":"https:\/\/www.krone-nellingen.de\/index.php\/wp-json\/wp\/v2\/pages"}],"about":[{"href":"https:\/\/www.krone-nellingen.de\/index.php\/wp-json\/wp\/v2\/types\/page"}],"author":[{"embeddable":true,"href":"https:\/\/www.krone-nellingen.de\/index.php\/wp-json\/wp\/v2\/users\/1"}],"replies":[{"embeddable":true,"href":"https:\/\/www.krone-nellingen.de\/index.php\/wp-json\/wp\/v2\/comments?post=396"}],"version-history":[{"count":19,"href":"https:\/\/www.krone-nellingen.de\/index.php\/wp-json\/wp\/v2\/pages\/396\/revisions"}],"predecessor-version":[{"id":1900,"href":"https:\/\/www.krone-nellingen.de\/index.php\/wp-json\/wp\/v2\/pages\/396\/revisions\/1900"}],"wp:attachment":[{"href":"https:\/\/www.krone-nellingen.de\/index.php\/wp-json\/wp\/v2\/media?parent=396"}],"curies":[{"name":"wp","href":"https:\/\/api.w.org\/{rel}","templated":true}]}}