{"id":405,"date":"2015-10-15T13:48:02","date_gmt":"2015-10-15T11:48:02","guid":{"rendered":"http:\/\/www.finchwhisky-hotelkrone.de\/html\/?page_id=405"},"modified":"2025-05-05T20:47:14","modified_gmt":"2025-05-05T18:47:14","slug":"impressum","status":"publish","type":"page","link":"https:\/\/www.krone-nellingen.de\/index.php\/impressum","title":{"rendered":"Impressum"},"content":{"rendered":"<div class=\"margin-bottom clearfix\">\n<div class=\"col4\">&nbsp;<\/div>\n<div class=\"col8 last\">\n<p><strong>Impressum<\/strong><\/p>\n<p>Angaben gem\u00e4\u00df \u00a7 5 TMG<\/p>\n<p>Eva-Maria Stricker<br \/>\nHotel Krone<br \/>\nAicher Stra\u00dfe 7<br \/>\n89191 Nellingen<\/p>\n<p><strong>Konzeption \/ Design \/ Text:<\/strong><\/p>\n<p><a href=\"http:\/\/lea-napierala.de\/\/\" target=\"_blank\">lea napierala werbeagentur<\/a><\/p>\n<p><strong>Programmierung:<\/strong><\/p>\n<p><a href=\"http:\/\/www.cortex-media.de\/\" target=\"_blank\">Cortex Media GmbH<\/a><\/p>\n<p><strong>Kontakt<\/strong><\/p>\n<p>Telefon: 07337\/96960<br \/>\nTelefax: 07337\/969696<br \/>\nE-Mail: <a href=\"mailto:info@krone-nellingen.de\">info@krone-nellingen.de<\/a><br \/>\nInternetadresse: <a href=\"http:\/\/www.krone-nellingen.de\">www.krone-nellingen.de<\/a><\/p>\n<p><strong>Umsatzsteuer-ID<\/strong><\/p>\n<p>Umsatzsteuer-Identifikationsnummer gem\u00e4\u00df \u00a727 a Umsatzsteuergesetz<br \/>\nDE199214636<\/p>\n<p><strong>Aufsichtsbeh\u00f6rde<\/strong><\/p>\n<p>Landratsamt Alb-Donau-Kreis<\/p>\n<p><strong>Haftungsausschluss<\/strong><\/p>\n<p>Haftung f\u00fcr Inhalte<br \/>\nDie Inhalte unserer Seiten wurden mit gr\u00f6\u00dfter Sorgfalt erstellt. F\u00fcr die Richtigkeit, Vollst\u00e4ndigkeit und Aktualit\u00e4t der Inhalte k\u00f6nnen wir jedoch keine Gew\u00e4hr \u00fcbernehmen. Als Diensteanbieter sind wir gem\u00e4\u00df \u00a7 7 Abs.1 TMG f\u00fcr eigene Inhalte auf diesen Seiten nach den allgemeinen Gesetzen verantwortlich. Nach \u00a7\u00a7 8 bis 10 TMG sind wir als Diensteanbieter jedoch nicht verpflichtet, \u00fcbermittelte oder gespeicherte fremde Informationen zu \u00fcberwachen oder nach Umst\u00e4nden zu forschen, die auf eine rechtswidrige T\u00e4tigkeit hinweisen. Verpflichtungen zur Entfernung oder Sperrung der Nutzung von Informationen nach den allgemeinen Gesetzen bleiben hiervon unber\u00fchrt. Eine diesbez\u00fcgliche Haftung ist jedoch erst ab dem Zeitpunkt der Kenntnis einer konkreten Rechtsverletzung m\u00f6glich. Bei Bekanntwerden von entsprechenden Rechtsverletzungen werden wir diese Inhalte umgehend entfernen.<\/p>\n<p>Haftung f\u00fcr Links<br \/>\nUnser Angebot enth\u00e4lt Links zu externen Webseiten Dritter, auf deren Inhalte wir keinen Einfluss haben. Deshalb k\u00f6nnen wir f\u00fcr diese fremden Inhalte auch keine Gew\u00e4hr \u00fcbernehmen. F\u00fcr die Inhalte der verlinkten Seiten ist stets der jeweilige Anbieter oder Betreiber der Seiten verantwortlich. Die verlinkten Seiten wurden zum Zeitpunkt der Verlinkung auf m\u00f6gliche Rechtsverst\u00f6\u00dfe \u00fcberpr\u00fcft. Rechtswidrige Inhalte waren zum Zeitpunkt der Verlinkung nicht erkennbar. Eine permanente inhaltliche Kontrolle der verlinkten Seiten ist jedoch ohne konkrete Anhaltspunkte einer Rechtsverletzung nicht zumutbar. Bei Bekanntwerden von Rechtsverletzungen werden wir derartige Links umgehend entfernen.<\/p>\n<p>Urheberrecht<br \/>\nDie durch die Seitenbetreiber erstellten bzw. verwendeten Inhalte und Werke auf diesen Seiten unterliegen dem deutschen Urheberrecht. Die Vervielf\u00e4ltigung, Bearbeitung, Verbreitung und jede Art der Verwertung au\u00dferhalb der Grenzen des Urheberrechtes bed\u00fcrfen der Zustimmung des jeweiligen Autors bzw. Erstellers. Downloads und Kopien dieser Seite sind nur f\u00fcr den privaten, nicht kommerziellen Gebrauch gestattet. Soweit die Inhalte auf dieser Seite nicht vom Betreiber erstellt wurden, werden die Urheberrechte Dritter beachtet. Insbesondere werden Inhalte Dritter als solche gekennzeichnet. Sollten Sie trotzdem auf eine Urheberrechtsverletzung aufmerksam werden, bitten wir um einen entsprechenden Hinweis. Bei Bekanntwerden von Rechtsverletzungen werden wir derartige Inhalte umgehend entfernen.<\/p>\n<p><o>Quelle:  muster-vorlagen.net<\/p>\n<\/p><\/div>\n<\/div>\n","protected":false},"excerpt":{"rendered":"<p>&nbsp; Impressum Angaben gem\u00e4\u00df \u00a7 5 TMG Eva-Maria Stricker Hotel Krone Aicher Stra\u00dfe 7 89191 Nellingen Konzeption \/ Design \/ Text: lea napierala werbeagentur Programmierung: Cortex Media GmbH Kontakt Telefon: 07337\/96960 Telefax: 07337\/969696 E-Mail: info@krone-nellingen.de Internetadresse: www.krone-nellingen.de Umsatzsteuer-ID Umsatzsteuer-Identifikationsnummer gem\u00e4\u00df \u00a727 a Umsatzsteuergesetz DE199214636 Aufsichtsbeh\u00f6rde Landratsamt Alb-Donau-Kreis Haftungsausschluss Haftung f\u00fcr Inhalte Die Inhalte unserer Seiten [&hellip;]<\/p>\n","protected":false},"author":1,"featured_media":44,"parent":0,"menu_order":0,"comment_status":"closed","ping_status":"closed","template":"","meta":{"footnotes":""},"class_list":["post-405","page","type-page","status-publish","has-post-thumbnail","hentry"],"yoast_head":"<!-- This site is optimized with the Yoast SEO plugin v27.4 - https:\/\/yoast.com\/product\/yoast-seo-wordpress\/ -->\n<title>Impressum - Hotel Krone Nellingen<\/title>\n<meta name=\"robots\" content=\"index, follow, max-snippet:-1, max-image-preview:large, max-video-preview:-1\" \/>\n<link rel=\"canonical\" href=\"https:\/\/www.krone-nellingen.de\/index.php\/impressum\" \/>\n<meta property=\"og:locale\" content=\"de_DE\" \/>\n<meta property=\"og:type\" content=\"article\" \/>\n<meta property=\"og:title\" content=\"Impressum - Hotel Krone Nellingen\" \/>\n<meta property=\"og:description\" content=\"&nbsp; Impressum Angaben gem\u00e4\u00df \u00a7 5 TMG Eva-Maria Stricker Hotel Krone Aicher Stra\u00dfe 7 89191 Nellingen Konzeption \/ Design \/ Text: lea napierala werbeagentur Programmierung: Cortex Media GmbH Kontakt Telefon: 07337\/96960 Telefax: 07337\/969696 E-Mail: info@krone-nellingen.de Internetadresse: www.krone-nellingen.de Umsatzsteuer-ID Umsatzsteuer-Identifikationsnummer gem\u00e4\u00df \u00a727 a Umsatzsteuergesetz DE199214636 Aufsichtsbeh\u00f6rde Landratsamt Alb-Donau-Kreis Haftungsausschluss Haftung f\u00fcr Inhalte Die Inhalte unserer Seiten [&hellip;]\" \/>\n<meta property=\"og:url\" content=\"https:\/\/www.krone-nellingen.de\/index.php\/impressum\" \/>\n<meta property=\"og:site_name\" content=\"Hotel Krone Nellingen\" \/>\n<meta property=\"article:modified_time\" content=\"2025-05-05T18:47:14+00:00\" \/>\n<meta property=\"og:image\" content=\"https:\/\/www.krone-nellingen.de\/wp-content\/uploads\/2015\/09\/buehnenbilder17.jpg\" \/>\n\t<meta property=\"og:image:width\" content=\"1170\" \/>\n\t<meta property=\"og:image:height\" content=\"510\" \/>\n\t<meta property=\"og:image:type\" content=\"image\/jpeg\" \/>\n<meta name=\"twitter:card\" content=\"summary_large_image\" \/>\n<meta name=\"twitter:label1\" content=\"Gesch\u00e4tzte Lesezeit\" \/>\n\t<meta name=\"twitter:data1\" content=\"3\u00a0Minuten\" \/>\n<script type=\"application\/ld+json\" class=\"yoast-schema-graph\">{\"@context\":\"https:\\\/\\\/schema.org\",\"@graph\":[{\"@type\":\"WebPage\",\"@id\":\"https:\\\/\\\/www.krone-nellingen.de\\\/index.php\\\/impressum\",\"url\":\"https:\\\/\\\/www.krone-nellingen.de\\\/index.php\\\/impressum\",\"name\":\"Impressum - Hotel Krone Nellingen\",\"isPartOf\":{\"@id\":\"https:\\\/\\\/www.krone-nellingen.de\\\/?lang=en\\\/#website\"},\"primaryImageOfPage\":{\"@id\":\"https:\\\/\\\/www.krone-nellingen.de\\\/index.php\\\/impressum#primaryimage\"},\"image\":{\"@id\":\"https:\\\/\\\/www.krone-nellingen.de\\\/index.php\\\/impressum#primaryimage\"},\"thumbnailUrl\":\"https:\\\/\\\/www.krone-nellingen.de\\\/wp-content\\\/uploads\\\/2015\\\/09\\\/buehnenbilder17.jpg\",\"datePublished\":\"2015-10-15T11:48:02+00:00\",\"dateModified\":\"2025-05-05T18:47:14+00:00\",\"breadcrumb\":{\"@id\":\"https:\\\/\\\/www.krone-nellingen.de\\\/index.php\\\/impressum#breadcrumb\"},\"inLanguage\":\"de\",\"potentialAction\":[{\"@type\":\"ReadAction\",\"target\":[\"https:\\\/\\\/www.krone-nellingen.de\\\/index.php\\\/impressum\"]}]},{\"@type\":\"ImageObject\",\"inLanguage\":\"de\",\"@id\":\"https:\\\/\\\/www.krone-nellingen.de\\\/index.php\\\/impressum#primaryimage\",\"url\":\"https:\\\/\\\/www.krone-nellingen.de\\\/wp-content\\\/uploads\\\/2015\\\/09\\\/buehnenbilder17.jpg\",\"contentUrl\":\"https:\\\/\\\/www.krone-nellingen.de\\\/wp-content\\\/uploads\\\/2015\\\/09\\\/buehnenbilder17.jpg\",\"width\":1170,\"height\":510},{\"@type\":\"BreadcrumbList\",\"@id\":\"https:\\\/\\\/www.krone-nellingen.de\\\/index.php\\\/impressum#breadcrumb\",\"itemListElement\":[{\"@type\":\"ListItem\",\"position\":1,\"name\":\"Startseite\",\"item\":\"https:\\\/\\\/www.krone-nellingen.de\\\/\"},{\"@type\":\"ListItem\",\"position\":2,\"name\":\"Impressum\"}]},{\"@type\":\"WebSite\",\"@id\":\"https:\\\/\\\/www.krone-nellingen.de\\\/?lang=en\\\/#website\",\"url\":\"https:\\\/\\\/www.krone-nellingen.de\\\/?lang=en\\\/\",\"name\":\"Hotel Krone Nellingen\",\"description\":\"Hotel Krone\",\"publisher\":{\"@id\":\"https:\\\/\\\/www.krone-nellingen.de\\\/?lang=en\\\/#organization\"},\"potentialAction\":[{\"@type\":\"SearchAction\",\"target\":{\"@type\":\"EntryPoint\",\"urlTemplate\":\"https:\\\/\\\/www.krone-nellingen.de\\\/?lang=en\\\/?s={search_term_string}\"},\"query-input\":{\"@type\":\"PropertyValueSpecification\",\"valueRequired\":true,\"valueName\":\"search_term_string\"}}],\"inLanguage\":\"de\"},{\"@type\":\"Organization\",\"@id\":\"https:\\\/\\\/www.krone-nellingen.de\\\/?lang=en\\\/#organization\",\"name\":\"Hotel Krone\",\"url\":\"https:\\\/\\\/www.krone-nellingen.de\\\/?lang=en\\\/\",\"logo\":{\"@type\":\"ImageObject\",\"inLanguage\":\"de\",\"@id\":\"https:\\\/\\\/www.krone-nellingen.de\\\/?lang=en\\\/#\\\/schema\\\/logo\\\/image\\\/\",\"url\":\"https:\\\/\\\/www.krone-nellingen.de\\\/wp-content\\\/uploads\\\/logo-hotel-krone-neu.png\",\"contentUrl\":\"https:\\\/\\\/www.krone-nellingen.de\\\/wp-content\\\/uploads\\\/logo-hotel-krone-neu.png\",\"width\":585,\"height\":416,\"caption\":\"Hotel Krone\"},\"image\":{\"@id\":\"https:\\\/\\\/www.krone-nellingen.de\\\/?lang=en\\\/#\\\/schema\\\/logo\\\/image\\\/\"}}]}<\/script>\n<!-- \/ Yoast SEO plugin. -->","yoast_head_json":{"title":"Impressum - Hotel Krone Nellingen","robots":{"index":"index","follow":"follow","max-snippet":"max-snippet:-1","max-image-preview":"max-image-preview:large","max-video-preview":"max-video-preview:-1"},"canonical":"https:\/\/www.krone-nellingen.de\/index.php\/impressum","og_locale":"de_DE","og_type":"article","og_title":"Impressum - Hotel Krone Nellingen","og_description":"&nbsp; Impressum Angaben gem\u00e4\u00df \u00a7 5 TMG Eva-Maria Stricker Hotel Krone Aicher Stra\u00dfe 7 89191 Nellingen Konzeption \/ Design \/ Text: lea napierala werbeagentur Programmierung: Cortex Media GmbH Kontakt Telefon: 07337\/96960 Telefax: 07337\/969696 E-Mail: info@krone-nellingen.de Internetadresse: www.krone-nellingen.de Umsatzsteuer-ID Umsatzsteuer-Identifikationsnummer gem\u00e4\u00df \u00a727 a Umsatzsteuergesetz DE199214636 Aufsichtsbeh\u00f6rde Landratsamt Alb-Donau-Kreis Haftungsausschluss Haftung f\u00fcr Inhalte Die Inhalte unserer Seiten [&hellip;]","og_url":"https:\/\/www.krone-nellingen.de\/index.php\/impressum","og_site_name":"Hotel Krone Nellingen","article_modified_time":"2025-05-05T18:47:14+00:00","og_image":[{"width":1170,"height":510,"url":"https:\/\/www.krone-nellingen.de\/wp-content\/uploads\/2015\/09\/buehnenbilder17.jpg","type":"image\/jpeg"}],"twitter_card":"summary_large_image","twitter_misc":{"Gesch\u00e4tzte Lesezeit":"3\u00a0Minuten"},"schema":{"@context":"https:\/\/schema.org","@graph":[{"@type":"WebPage","@id":"https:\/\/www.krone-nellingen.de\/index.php\/impressum","url":"https:\/\/www.krone-nellingen.de\/index.php\/impressum","name":"Impressum - Hotel Krone Nellingen","isPartOf":{"@id":"https:\/\/www.krone-nellingen.de\/?lang=en\/#website"},"primaryImageOfPage":{"@id":"https:\/\/www.krone-nellingen.de\/index.php\/impressum#primaryimage"},"image":{"@id":"https:\/\/www.krone-nellingen.de\/index.php\/impressum#primaryimage"},"thumbnailUrl":"https:\/\/www.krone-nellingen.de\/wp-content\/uploads\/2015\/09\/buehnenbilder17.jpg","datePublished":"2015-10-15T11:48:02+00:00","dateModified":"2025-05-05T18:47:14+00:00","breadcrumb":{"@id":"https:\/\/www.krone-nellingen.de\/index.php\/impressum#breadcrumb"},"inLanguage":"de","potentialAction":[{"@type":"ReadAction","target":["https:\/\/www.krone-nellingen.de\/index.php\/impressum"]}]},{"@type":"ImageObject","inLanguage":"de","@id":"https:\/\/www.krone-nellingen.de\/index.php\/impressum#primaryimage","url":"https:\/\/www.krone-nellingen.de\/wp-content\/uploads\/2015\/09\/buehnenbilder17.jpg","contentUrl":"https:\/\/www.krone-nellingen.de\/wp-content\/uploads\/2015\/09\/buehnenbilder17.jpg","width":1170,"height":510},{"@type":"BreadcrumbList","@id":"https:\/\/www.krone-nellingen.de\/index.php\/impressum#breadcrumb","itemListElement":[{"@type":"ListItem","position":1,"name":"Startseite","item":"https:\/\/www.krone-nellingen.de\/"},{"@type":"ListItem","position":2,"name":"Impressum"}]},{"@type":"WebSite","@id":"https:\/\/www.krone-nellingen.de\/?lang=en\/#website","url":"https:\/\/www.krone-nellingen.de\/?lang=en\/","name":"Hotel Krone Nellingen","description":"Hotel Krone","publisher":{"@id":"https:\/\/www.krone-nellingen.de\/?lang=en\/#organization"},"potentialAction":[{"@type":"SearchAction","target":{"@type":"EntryPoint","urlTemplate":"https:\/\/www.krone-nellingen.de\/?lang=en\/?s={search_term_string}"},"query-input":{"@type":"PropertyValueSpecification","valueRequired":true,"valueName":"search_term_string"}}],"inLanguage":"de"},{"@type":"Organization","@id":"https:\/\/www.krone-nellingen.de\/?lang=en\/#organization","name":"Hotel Krone","url":"https:\/\/www.krone-nellingen.de\/?lang=en\/","logo":{"@type":"ImageObject","inLanguage":"de","@id":"https:\/\/www.krone-nellingen.de\/?lang=en\/#\/schema\/logo\/image\/","url":"https:\/\/www.krone-nellingen.de\/wp-content\/uploads\/logo-hotel-krone-neu.png","contentUrl":"https:\/\/www.krone-nellingen.de\/wp-content\/uploads\/logo-hotel-krone-neu.png","width":585,"height":416,"caption":"Hotel Krone"},"image":{"@id":"https:\/\/www.krone-nellingen.de\/?lang=en\/#\/schema\/logo\/image\/"}}]}},"_links":{"self":[{"href":"https:\/\/www.krone-nellingen.de\/index.php\/wp-json\/wp\/v2\/pages\/405","targetHints":{"allow":["GET"]}}],"collection":[{"href":"https:\/\/www.krone-nellingen.de\/index.php\/wp-json\/wp\/v2\/pages"}],"about":[{"href":"https:\/\/www.krone-nellingen.de\/index.php\/wp-json\/wp\/v2\/types\/page"}],"author":[{"embeddable":true,"href":"https:\/\/www.krone-nellingen.de\/index.php\/wp-json\/wp\/v2\/users\/1"}],"replies":[{"embeddable":true,"href":"https:\/\/www.krone-nellingen.de\/index.php\/wp-json\/wp\/v2\/comments?post=405"}],"version-history":[{"count":18,"href":"https:\/\/www.krone-nellingen.de\/index.php\/wp-json\/wp\/v2\/pages\/405\/revisions"}],"predecessor-version":[{"id":2093,"href":"https:\/\/www.krone-nellingen.de\/index.php\/wp-json\/wp\/v2\/pages\/405\/revisions\/2093"}],"wp:featuredmedia":[{"embeddable":true,"href":"https:\/\/www.krone-nellingen.de\/index.php\/wp-json\/wp\/v2\/media\/44"}],"wp:attachment":[{"href":"https:\/\/www.krone-nellingen.de\/index.php\/wp-json\/wp\/v2\/media?parent=405"}],"curies":[{"name":"wp","href":"https:\/\/api.w.org\/{rel}","templated":true}]}}