{"id":409,"date":"2015-10-15T13:49:48","date_gmt":"2015-10-15T11:49:48","guid":{"rendered":"http:\/\/www.finchwhisky-hotelkrone.de\/html\/?page_id=409"},"modified":"2025-11-16T16:22:04","modified_gmt":"2025-11-16T15:22:04","slug":"kontakt","status":"publish","type":"page","link":"https:\/\/www.krone-nellingen.de\/index.php\/kontakt","title":{"rendered":"Kontakt"},"content":{"rendered":"<div class=\"contact-wrapper\">\n<p><!-- Google Maps --><\/p>\n<div class=\"map-responsive\"><iframe src=\"https:\/\/www.google.com\/maps\/embed?pb=!1m18!1m12!1m3!1d2641.5871315479567!2d9.789824315845154!3d48.541143530945206!2m3!1f0!2f0!3f0!3m2!1i1024!2i768!4f13.1!3m3!1m2!1s0x4799769e81d7e7df%3A0x81eb371fb0d96efe!2sHotel%20Krone!5e0!3m2!1sde!2sde!4v1581533133007!5m2!1sde!2sde\" frameborder=\"0\" allowfullscreen=\"allowfullscreen\"><br \/>\n<\/iframe><\/div>\n<p><!-- Adresse --><\/p>\n<div class=\"address-block\">\n<p><strong>Hotel Krone<\/strong><br \/>\nFamilie Stricker<br \/>\nAicher Stra\u00dfe 7<br \/>\n89191 Nellingen\/Alb<\/p>\n<p><strong>Reservierung:<\/strong><\/p>\n<\/div>\n<p>Telefon: <a href=\"tel:+49733796960\">07337 96960<\/a><\/p>\n<p>E-Mail: <a href=\"mailto:info@krone-nellingen.de\">info@krone-nellingen.de<\/a><\/p>\n<p><strong>\u00d6ffnungszeiten Hotel:<\/strong><br \/>\nganzj\u00e4hrig ge\u00f6ffnet<\/p>\n<p><strong>Check in:<\/strong><br \/>\nMo\u2013Sa 16:00 \u2013 22:00 Uhr<br \/>\nSo nach Vereinbarung<\/p>\n<p><strong>Check out:<\/strong><br \/>\nMo\u2013So bis 11:00 Uhr<\/p>\n<p><strong>\u00d6ffnungszeiten Restaurant:<\/strong><br \/>\nMo\u2013Sa ab 16:00 Uhr<br \/>\n(f\u00fcr Tagungen\/Meetings auch ganztags ge\u00f6ffnet)<\/p>\n<\/div>\n<form id=\"hotel-reservation\" action=\"#\" method=\"POST\"><a href=\"\/index.php\/Impressum\">Die Verarbeitung ihrer Daten unterliegt der DSGVO-konformen Datenschutzerkl\u00e4rung.<\/a><\/p>\n<table class=\"form-table\">\n<tbody>\n<tr>\n<td class=\"form-table-heading\" colspan=\"2\">An- und Abreise<\/td>\n<\/tr>\n<tr>\n<td>Anreisedatum\u00a0*:<\/td>\n<td><input id=\"hotel-arrival-day\" name=\"arrival-day\" required=\"\" type=\"text\" \/><\/td>\n<\/tr>\n<tr>\n<td>Abreisedatum\u00a0*:<\/td>\n<td><input id=\"hotel-leave-day\" name=\"leave-day\" required=\"\" type=\"text\" \/><\/td>\n<\/tr>\n<tr>\n<td class=\"form-table-heading\" colspan=\"2\">Anzahl Personen<\/td>\n<\/tr>\n<tr>\n<td>Erwachsene\u00a0*:<\/td>\n<td><input id=\"hotel-adults\" name=\"hotel-adults\" required=\"\" type=\"text\" \/><span id=\"hotel-adults-error\"><\/span><\/td>\n<\/tr>\n<tr>\n<td>Kinder\u00a0*:<\/td>\n<td><input id=\"hotel-children\" name=\"hotel-children\" required=\"\" type=\"text\" \/><span id=\"hotel-children-error\"><\/span><\/td>\n<\/tr>\n<tr>\n<td>Alter der Kinder:<\/td>\n<td><input name=\"age-children\" type=\"text\" \/><\/td>\n<\/tr>\n<tr>\n<td colspan=\"2\"><label for=\"room-type-single\"><input id=\"room-type-single\" name=\"room-type\" required=\"\" type=\"radio\" value=\"Einzelzimmer\" \/> Einzelzimmer<\/label> <label id=\"room-type-double-label\" for=\"room-type-double\"><input id=\"room-type-double\" name=\"room-type\" type=\"radio\" value=\"Doppelzimmer\" \/> Doppelzimmer<\/label> <label id=\"room-type-double-label\" for=\"room-type-double\"><input id=\"room-type-double\" name=\"room-type\" type=\"radio\" value=\"Familienzimmer\" \/> Familienzimmer<\/label><\/td>\n<\/tr>\n<tr>\n<td class=\"form-table-heading\" colspan=\"2\">Ihre pers\u00f6nlichen Daten<\/td>\n<\/tr>\n<tr>\n<td>Anrede\u00a0*:<\/td>\n<td><select name=\"salutation\" required=\"\"><option value=\"Herr\">Herr<\/option><option value=\"Frau\">Frau<\/option><\/select><\/td>\n<\/tr>\n<tr>\n<td>Vorname\u00a0*:<\/td>\n<td><input name=\"firstname\" required=\"\" type=\"text\" \/><\/td>\n<\/tr>\n<tr>\n<td>Nachname\u00a0*:<\/td>\n<td><input name=\"lastname\" required=\"\" type=\"text\" \/><\/td>\n<\/tr>\n<tr>\n<td>E-Mailadresse\u00a0*:<\/td>\n<td><input name=\"email\" required=\"\" type=\"email\" \/><\/td>\n<\/tr>\n<tr>\n<td>Telefon<wbr \/>\/<wbr \/>Mobil\u00a0*:<\/td>\n<td><input name=\"phone\" required=\"\" type=\"text\" \/><\/td>\n<\/tr>\n<tr>\n<td>Stra\u00dfe:<\/td>\n<td><input name=\"street\" type=\"text\" \/><\/td>\n<\/tr>\n<tr>\n<td>PLZ:<\/td>\n<td><input name=\"zip\" type=\"text\" \/><\/td>\n<\/tr>\n<tr>\n<td>Ort:<\/td>\n<td><input name=\"city\" type=\"text\" \/><\/td>\n<\/tr>\n<tr>\n<td>Land:<\/td>\n<td><input name=\"country\" type=\"text\" \/><\/td>\n<\/tr>\n<tr>\n<td class=\"form-table-heading\" colspan=\"2\">Wie sind Sie auf uns aufmerksam geworden?<\/td>\n<\/tr>\n<tr>\n<td>\u00a0<\/td>\n<td><input name=\"found-out\" type=\"text\" \/><\/td>\n<\/tr>\n<tr>\n<td class=\"form-table-heading\" colspan=\"2\">Ihre Nachricht<\/td>\n<\/tr>\n<tr>\n<td class=\"vertical-align-top\">Fragen\/W\u00fcnsche:<\/td>\n<td><textarea name=\"message\" rows=\"5\"><\/textarea><\/td>\n<\/tr>\n<tr>\n<td class=\"vertical-align-top\">R\u00fcckmeldung\u00a0*:<\/td>\n<td><label class=\"label-block\" for=\"hotel-response-email\"><input id=\"hotel-response-email\" name=\"response\" required=\"\" type=\"radio\" value=\"per E-Mail\" \/> per E-Mail<\/label> <label id=\"hotel-response-phone-label\" class=\"label-block\" for=\"hotel-response-phone\"><input id=\"hotel-response-phone\" name=\"response\" required=\"\" type=\"radio\" value=\"per Telefon\" \/> per Telefon<\/label><\/td>\n<\/tr>\n<tr>\n<td class=\"submit-row\" colspan=\"2\">\n<div class=\"hotel-reservation-messages\">\u00a0<\/div>\n<p><input class=\"hotel-reservation-submit green-button\" type=\"button\" value=\"Absenden\" \/><\/p>\n<\/td>\n<\/tr>\n<\/tbody>\n<\/table>\n<\/form>\n<\/div>\n<\/div>\n","protected":false},"excerpt":{"rendered":"<p>Hotel Krone Familie Stricker Aicher Stra\u00dfe 7 89191 Nellingen\/Alb Reservierung: Telefon: 07337 96960 E-Mail: info@krone-nellingen.de \u00d6ffnungszeiten Hotel: ganzj\u00e4hrig ge\u00f6ffnet Check in: Mo\u2013Sa 16:00 \u2013 22:00 Uhr So nach Vereinbarung Check out: Mo\u2013So bis 11:00 Uhr \u00d6ffnungszeiten Restaurant: Mo\u2013Sa ab 16:00 Uhr (f\u00fcr Tagungen\/Meetings auch ganztags ge\u00f6ffnet) Die Verarbeitung ihrer Daten unterliegt der DSGVO-konformen Datenschutzerkl\u00e4rung. An- [&hellip;]<\/p>\n","protected":false},"author":1,"featured_media":93,"parent":0,"menu_order":0,"comment_status":"closed","ping_status":"closed","template":"","meta":{"footnotes":""},"class_list":["post-409","page","type-page","status-publish","has-post-thumbnail","hentry"],"yoast_head":"<!-- This site is optimized with the Yoast SEO plugin v27.5 - https:\/\/yoast.com\/product\/yoast-seo-wordpress\/ -->\n<title>Kontakt - Hotel Krone Nellingen<\/title>\n<meta name=\"robots\" content=\"index, follow, max-snippet:-1, max-image-preview:large, max-video-preview:-1\" \/>\n<link rel=\"canonical\" href=\"https:\/\/www.krone-nellingen.de\/index.php\/kontakt\" \/>\n<meta property=\"og:locale\" content=\"de_DE\" \/>\n<meta property=\"og:type\" content=\"article\" \/>\n<meta property=\"og:title\" content=\"Kontakt - Hotel Krone Nellingen\" \/>\n<meta property=\"og:description\" content=\"Hotel Krone Familie Stricker Aicher Stra\u00dfe 7 89191 Nellingen\/Alb Reservierung: Telefon: 07337 96960 E-Mail: info@krone-nellingen.de \u00d6ffnungszeiten Hotel: ganzj\u00e4hrig ge\u00f6ffnet Check in: Mo\u2013Sa 16:00 \u2013 22:00 Uhr So nach Vereinbarung Check out: Mo\u2013So bis 11:00 Uhr \u00d6ffnungszeiten Restaurant: Mo\u2013Sa ab 16:00 Uhr (f\u00fcr Tagungen\/Meetings auch ganztags ge\u00f6ffnet) Die Verarbeitung ihrer Daten unterliegt der DSGVO-konformen Datenschutzerkl\u00e4rung. An- [&hellip;]\" \/>\n<meta property=\"og:url\" content=\"https:\/\/www.krone-nellingen.de\/index.php\/kontakt\" \/>\n<meta property=\"og:site_name\" content=\"Hotel Krone Nellingen\" \/>\n<meta property=\"article:modified_time\" content=\"2025-11-16T15:22:04+00:00\" \/>\n<meta property=\"og:image\" content=\"https:\/\/www.krone-nellingen.de\/wp-content\/uploads\/2015\/09\/buehnenbilder15.jpg\" \/>\n\t<meta property=\"og:image:width\" content=\"1170\" \/>\n\t<meta property=\"og:image:height\" content=\"510\" \/>\n\t<meta property=\"og:image:type\" content=\"image\/jpeg\" \/>\n<meta name=\"twitter:card\" content=\"summary_large_image\" \/>\n<meta name=\"twitter:label1\" content=\"Gesch\u00e4tzte Lesezeit\" \/>\n\t<meta name=\"twitter:data1\" content=\"1\u00a0Minute\" \/>\n<script type=\"application\/ld+json\" class=\"yoast-schema-graph\">{\"@context\":\"https:\\\/\\\/schema.org\",\"@graph\":[{\"@type\":\"WebPage\",\"@id\":\"https:\\\/\\\/www.krone-nellingen.de\\\/index.php\\\/kontakt\",\"url\":\"https:\\\/\\\/www.krone-nellingen.de\\\/index.php\\\/kontakt\",\"name\":\"Kontakt - Hotel Krone Nellingen\",\"isPartOf\":{\"@id\":\"https:\\\/\\\/www.krone-nellingen.de\\\/?lang=en\\\/#website\"},\"primaryImageOfPage\":{\"@id\":\"https:\\\/\\\/www.krone-nellingen.de\\\/index.php\\\/kontakt#primaryimage\"},\"image\":{\"@id\":\"https:\\\/\\\/www.krone-nellingen.de\\\/index.php\\\/kontakt#primaryimage\"},\"thumbnailUrl\":\"https:\\\/\\\/www.krone-nellingen.de\\\/wp-content\\\/uploads\\\/2015\\\/09\\\/buehnenbilder15.jpg\",\"datePublished\":\"2015-10-15T11:49:48+00:00\",\"dateModified\":\"2025-11-16T15:22:04+00:00\",\"breadcrumb\":{\"@id\":\"https:\\\/\\\/www.krone-nellingen.de\\\/index.php\\\/kontakt#breadcrumb\"},\"inLanguage\":\"de\",\"potentialAction\":[{\"@type\":\"ReadAction\",\"target\":[\"https:\\\/\\\/www.krone-nellingen.de\\\/index.php\\\/kontakt\"]}]},{\"@type\":\"ImageObject\",\"inLanguage\":\"de\",\"@id\":\"https:\\\/\\\/www.krone-nellingen.de\\\/index.php\\\/kontakt#primaryimage\",\"url\":\"https:\\\/\\\/www.krone-nellingen.de\\\/wp-content\\\/uploads\\\/2015\\\/09\\\/buehnenbilder15.jpg\",\"contentUrl\":\"https:\\\/\\\/www.krone-nellingen.de\\\/wp-content\\\/uploads\\\/2015\\\/09\\\/buehnenbilder15.jpg\",\"width\":1170,\"height\":510},{\"@type\":\"BreadcrumbList\",\"@id\":\"https:\\\/\\\/www.krone-nellingen.de\\\/index.php\\\/kontakt#breadcrumb\",\"itemListElement\":[{\"@type\":\"ListItem\",\"position\":1,\"name\":\"Startseite\",\"item\":\"https:\\\/\\\/www.krone-nellingen.de\\\/\"},{\"@type\":\"ListItem\",\"position\":2,\"name\":\"Kontakt\"}]},{\"@type\":\"WebSite\",\"@id\":\"https:\\\/\\\/www.krone-nellingen.de\\\/?lang=en\\\/#website\",\"url\":\"https:\\\/\\\/www.krone-nellingen.de\\\/?lang=en\\\/\",\"name\":\"Hotel Krone Nellingen\",\"description\":\"Hotel Krone\",\"publisher\":{\"@id\":\"https:\\\/\\\/www.krone-nellingen.de\\\/?lang=en\\\/#organization\"},\"potentialAction\":[{\"@type\":\"SearchAction\",\"target\":{\"@type\":\"EntryPoint\",\"urlTemplate\":\"https:\\\/\\\/www.krone-nellingen.de\\\/?lang=en\\\/?s={search_term_string}\"},\"query-input\":{\"@type\":\"PropertyValueSpecification\",\"valueRequired\":true,\"valueName\":\"search_term_string\"}}],\"inLanguage\":\"de\"},{\"@type\":\"Organization\",\"@id\":\"https:\\\/\\\/www.krone-nellingen.de\\\/?lang=en\\\/#organization\",\"name\":\"Hotel Krone\",\"url\":\"https:\\\/\\\/www.krone-nellingen.de\\\/?lang=en\\\/\",\"logo\":{\"@type\":\"ImageObject\",\"inLanguage\":\"de\",\"@id\":\"https:\\\/\\\/www.krone-nellingen.de\\\/?lang=en\\\/#\\\/schema\\\/logo\\\/image\\\/\",\"url\":\"https:\\\/\\\/www.krone-nellingen.de\\\/wp-content\\\/uploads\\\/logo-hotel-krone-neu.png\",\"contentUrl\":\"https:\\\/\\\/www.krone-nellingen.de\\\/wp-content\\\/uploads\\\/logo-hotel-krone-neu.png\",\"width\":585,\"height\":416,\"caption\":\"Hotel Krone\"},\"image\":{\"@id\":\"https:\\\/\\\/www.krone-nellingen.de\\\/?lang=en\\\/#\\\/schema\\\/logo\\\/image\\\/\"}}]}<\/script>\n<!-- \/ Yoast SEO plugin. -->","yoast_head_json":{"title":"Kontakt - Hotel Krone Nellingen","robots":{"index":"index","follow":"follow","max-snippet":"max-snippet:-1","max-image-preview":"max-image-preview:large","max-video-preview":"max-video-preview:-1"},"canonical":"https:\/\/www.krone-nellingen.de\/index.php\/kontakt","og_locale":"de_DE","og_type":"article","og_title":"Kontakt - Hotel Krone Nellingen","og_description":"Hotel Krone Familie Stricker Aicher Stra\u00dfe 7 89191 Nellingen\/Alb Reservierung: Telefon: 07337 96960 E-Mail: info@krone-nellingen.de \u00d6ffnungszeiten Hotel: ganzj\u00e4hrig ge\u00f6ffnet Check in: Mo\u2013Sa 16:00 \u2013 22:00 Uhr So nach Vereinbarung Check out: Mo\u2013So bis 11:00 Uhr \u00d6ffnungszeiten Restaurant: Mo\u2013Sa ab 16:00 Uhr (f\u00fcr Tagungen\/Meetings auch ganztags ge\u00f6ffnet) Die Verarbeitung ihrer Daten unterliegt der DSGVO-konformen Datenschutzerkl\u00e4rung. An- [&hellip;]","og_url":"https:\/\/www.krone-nellingen.de\/index.php\/kontakt","og_site_name":"Hotel Krone Nellingen","article_modified_time":"2025-11-16T15:22:04+00:00","og_image":[{"width":1170,"height":510,"url":"https:\/\/www.krone-nellingen.de\/wp-content\/uploads\/2015\/09\/buehnenbilder15.jpg","type":"image\/jpeg"}],"twitter_card":"summary_large_image","twitter_misc":{"Gesch\u00e4tzte Lesezeit":"1\u00a0Minute"},"schema":{"@context":"https:\/\/schema.org","@graph":[{"@type":"WebPage","@id":"https:\/\/www.krone-nellingen.de\/index.php\/kontakt","url":"https:\/\/www.krone-nellingen.de\/index.php\/kontakt","name":"Kontakt - Hotel Krone Nellingen","isPartOf":{"@id":"https:\/\/www.krone-nellingen.de\/?lang=en\/#website"},"primaryImageOfPage":{"@id":"https:\/\/www.krone-nellingen.de\/index.php\/kontakt#primaryimage"},"image":{"@id":"https:\/\/www.krone-nellingen.de\/index.php\/kontakt#primaryimage"},"thumbnailUrl":"https:\/\/www.krone-nellingen.de\/wp-content\/uploads\/2015\/09\/buehnenbilder15.jpg","datePublished":"2015-10-15T11:49:48+00:00","dateModified":"2025-11-16T15:22:04+00:00","breadcrumb":{"@id":"https:\/\/www.krone-nellingen.de\/index.php\/kontakt#breadcrumb"},"inLanguage":"de","potentialAction":[{"@type":"ReadAction","target":["https:\/\/www.krone-nellingen.de\/index.php\/kontakt"]}]},{"@type":"ImageObject","inLanguage":"de","@id":"https:\/\/www.krone-nellingen.de\/index.php\/kontakt#primaryimage","url":"https:\/\/www.krone-nellingen.de\/wp-content\/uploads\/2015\/09\/buehnenbilder15.jpg","contentUrl":"https:\/\/www.krone-nellingen.de\/wp-content\/uploads\/2015\/09\/buehnenbilder15.jpg","width":1170,"height":510},{"@type":"BreadcrumbList","@id":"https:\/\/www.krone-nellingen.de\/index.php\/kontakt#breadcrumb","itemListElement":[{"@type":"ListItem","position":1,"name":"Startseite","item":"https:\/\/www.krone-nellingen.de\/"},{"@type":"ListItem","position":2,"name":"Kontakt"}]},{"@type":"WebSite","@id":"https:\/\/www.krone-nellingen.de\/?lang=en\/#website","url":"https:\/\/www.krone-nellingen.de\/?lang=en\/","name":"Hotel Krone Nellingen","description":"Hotel Krone","publisher":{"@id":"https:\/\/www.krone-nellingen.de\/?lang=en\/#organization"},"potentialAction":[{"@type":"SearchAction","target":{"@type":"EntryPoint","urlTemplate":"https:\/\/www.krone-nellingen.de\/?lang=en\/?s={search_term_string}"},"query-input":{"@type":"PropertyValueSpecification","valueRequired":true,"valueName":"search_term_string"}}],"inLanguage":"de"},{"@type":"Organization","@id":"https:\/\/www.krone-nellingen.de\/?lang=en\/#organization","name":"Hotel Krone","url":"https:\/\/www.krone-nellingen.de\/?lang=en\/","logo":{"@type":"ImageObject","inLanguage":"de","@id":"https:\/\/www.krone-nellingen.de\/?lang=en\/#\/schema\/logo\/image\/","url":"https:\/\/www.krone-nellingen.de\/wp-content\/uploads\/logo-hotel-krone-neu.png","contentUrl":"https:\/\/www.krone-nellingen.de\/wp-content\/uploads\/logo-hotel-krone-neu.png","width":585,"height":416,"caption":"Hotel Krone"},"image":{"@id":"https:\/\/www.krone-nellingen.de\/?lang=en\/#\/schema\/logo\/image\/"}}]}},"_links":{"self":[{"href":"https:\/\/www.krone-nellingen.de\/index.php\/wp-json\/wp\/v2\/pages\/409","targetHints":{"allow":["GET"]}}],"collection":[{"href":"https:\/\/www.krone-nellingen.de\/index.php\/wp-json\/wp\/v2\/pages"}],"about":[{"href":"https:\/\/www.krone-nellingen.de\/index.php\/wp-json\/wp\/v2\/types\/page"}],"author":[{"embeddable":true,"href":"https:\/\/www.krone-nellingen.de\/index.php\/wp-json\/wp\/v2\/users\/1"}],"replies":[{"embeddable":true,"href":"https:\/\/www.krone-nellingen.de\/index.php\/wp-json\/wp\/v2\/comments?post=409"}],"version-history":[{"count":95,"href":"https:\/\/www.krone-nellingen.de\/index.php\/wp-json\/wp\/v2\/pages\/409\/revisions"}],"predecessor-version":[{"id":2182,"href":"https:\/\/www.krone-nellingen.de\/index.php\/wp-json\/wp\/v2\/pages\/409\/revisions\/2182"}],"wp:featuredmedia":[{"embeddable":true,"href":"https:\/\/www.krone-nellingen.de\/index.php\/wp-json\/wp\/v2\/media\/93"}],"wp:attachment":[{"href":"https:\/\/www.krone-nellingen.de\/index.php\/wp-json\/wp\/v2\/media?parent=409"}],"curies":[{"name":"wp","href":"https:\/\/api.w.org\/{rel}","templated":true}]}}