{"id":417,"date":"2015-10-15T13:51:27","date_gmt":"2015-10-15T11:51:27","guid":{"rendered":"http:\/\/www.finchwhisky-hotelkrone.de\/html\/?page_id=417"},"modified":"2025-11-16T16:12:13","modified_gmt":"2025-11-16T15:12:13","slug":"restaurant","status":"publish","type":"page","link":"https:\/\/www.krone-nellingen.de\/index.php\/restaurant","title":{"rendered":"Restaurant"},"content":{"rendered":"<div class=\"margin-bottom clearfix\">\n<div class=\"col4\">&nbsp;<\/div>\n<div class=\"col8 last\">\n<p><span class=\"quote\">\u201eMan kann nicht gut denken, gut lieben, gut schlafen,<br \/>\nwenn man nicht gut gegessen hat.\u201c<span class=\"quote-origin\">Virginia Wolf<\/span><\/span><\/p>\n<p>Ein guter Grund einzukehren in unserem Wirtshaus auf der Schw\u00e4bischen Alb \u2013 wir hei\u00dfen Sie herzlich Willkommen! Hier in Nellingen versteht man zu leben und zu genie\u00dfen, zu kochen und Whisky zu brennen. In unserem seit 1841 familiengef\u00fchrten Wirtshaus, wissen wir Traditionen zu wahren ohne uns dem Neuen zu verschlie\u00dfen. Seien Sie gespannt auf unsere hausgemachten schw\u00e4bischen Spezialit\u00e4ten.<\/p>\n<p>Bei der Auswahl der Produkte legt unser K\u00fcchenteam besonderen Wert auf Frische und Regionalit\u00e4t. Deshalb finden Sie zum Beispiel auf unserer Speisenkarte nicht irgendwelche Linsen, sondern die besonders leckeren \u201cAlb-Leisa\u201d und das Fleisch stammt aus regionaler Landwirtschaft und ist deshalb so herrlich aromatisch und zart.<\/p>\n<p>Unser Restaurant bietet f\u00fcr jeden Anlass die passenden R\u00e4umlichkeiten \u2013 ob f\u00fcr das romantische Abendessen zu zweit im gem\u00fctlichen Kaminzimmer oder die lebhafte Familienfeier in unserem gro\u00dfz\u00fcgigen Wintergarten mit Spielecke. Wir verf\u00fcgen \u00fcber vier gem\u00fctliche Restaurantr\u00e4ume und die M\u00f6glichkeiten sind zahlreich. Sprechen Sie uns an, wir beraten Sie gern. Sobald das Wetter und die Au\u00dfentemperaturen es zulassen, \u00f6ffnen wir unseren z\u00fcnftigen Biergarten f\u00fcr Sie.<\/p>\n<p><a href=\"\/index.php\/kontakt\">Jetzt gleich reservieren.<\/a><\/p>\n<p><strong>Appetitanreger gef\u00e4llig?<\/strong><\/p>\n<p>Unsere aktuelle <a href=\"https:\/\/www.krone-nellingen.de\/wp-content\/uploads\/hotel_krone_speisekarte_winter_2025_rz.pdf\">Speisekarte<\/a><\/p>\n<p><strong>\u00d6ffnungszeiten Restaurant:<\/strong><br \/>\nMontag bis Samstag von 16:00 Uhr bis 23.00 Uhr (f\u00fcr reservierte Tagungen, Firmenmeetings und private Gruppen ganztags ge\u00f6ffnet)<br \/>\nK\u00fcche ge\u00f6ffnet von 16.00 Uhr bis 21.00 Uhr<\/p>\n<\/div>\n<\/div>\n","protected":false},"excerpt":{"rendered":"<p>&nbsp; \u201eMan kann nicht gut denken, gut lieben, gut schlafen, wenn man nicht gut gegessen hat.\u201cVirginia Wolf Ein guter Grund einzukehren in unserem Wirtshaus auf der Schw\u00e4bischen Alb \u2013 wir hei\u00dfen Sie herzlich Willkommen! Hier in Nellingen versteht man zu leben und zu genie\u00dfen, zu kochen und Whisky zu brennen. In unserem seit 1841 familiengef\u00fchrten [&hellip;]<\/p>\n","protected":false},"author":1,"featured_media":0,"parent":0,"menu_order":0,"comment_status":"closed","ping_status":"closed","template":"","meta":{"footnotes":""},"class_list":["post-417","page","type-page","status-publish","hentry"],"yoast_head":"<!-- This site is optimized with the Yoast SEO plugin v27.5 - https:\/\/yoast.com\/product\/yoast-seo-wordpress\/ -->\n<title>Schw\u00e4bische K\u00fcche, BBQ und Whiskyevents im Hotel Krone<\/title>\n<meta name=\"description\" content=\"Entdecken Sie die Vielfalt schw\u00e4bischer K\u00fcche, erleben Sie erstklassige BBQ-Events und tauchen Sie ein in die Welt des Whiskys bei unseren exklusiven Veranstaltungen im Hotel Krone. Genie\u00dfen Sie kulinarische H\u00f6hepunkte und unvergessliche Geschmackserlebnisse in Nellingen\" \/>\n<meta name=\"robots\" content=\"index, follow, max-snippet:-1, max-image-preview:large, max-video-preview:-1\" \/>\n<link rel=\"canonical\" href=\"https:\/\/www.krone-nellingen.de\/index.php\/restaurant\" \/>\n<meta property=\"og:locale\" content=\"de_DE\" \/>\n<meta property=\"og:type\" content=\"article\" \/>\n<meta property=\"og:title\" content=\"Schw\u00e4bische K\u00fcche, BBQ und Whiskyevents im Hotel Krone\" \/>\n<meta property=\"og:description\" content=\"Entdecken Sie die Vielfalt schw\u00e4bischer K\u00fcche, erleben Sie erstklassige BBQ-Events und tauchen Sie ein in die Welt des Whiskys bei unseren exklusiven Veranstaltungen im Hotel Krone. Genie\u00dfen Sie kulinarische H\u00f6hepunkte und unvergessliche Geschmackserlebnisse in Nellingen\" \/>\n<meta property=\"og:url\" content=\"https:\/\/www.krone-nellingen.de\/index.php\/restaurant\" \/>\n<meta property=\"og:site_name\" content=\"Hotel Krone Nellingen\" \/>\n<meta property=\"article:modified_time\" content=\"2025-11-16T15:12:13+00:00\" \/>\n<meta name=\"twitter:card\" content=\"summary_large_image\" \/>\n<meta name=\"twitter:label1\" content=\"Gesch\u00e4tzte Lesezeit\" \/>\n\t<meta name=\"twitter:data1\" content=\"2\u00a0Minuten\" \/>\n<script type=\"application\/ld+json\" class=\"yoast-schema-graph\">{\"@context\":\"https:\\\/\\\/schema.org\",\"@graph\":[{\"@type\":\"WebPage\",\"@id\":\"https:\\\/\\\/www.krone-nellingen.de\\\/index.php\\\/restaurant\",\"url\":\"https:\\\/\\\/www.krone-nellingen.de\\\/index.php\\\/restaurant\",\"name\":\"Schw\u00e4bische K\u00fcche, BBQ und Whiskyevents im Hotel Krone\",\"isPartOf\":{\"@id\":\"https:\\\/\\\/www.krone-nellingen.de\\\/?lang=en\\\/#website\"},\"datePublished\":\"2015-10-15T11:51:27+00:00\",\"dateModified\":\"2025-11-16T15:12:13+00:00\",\"description\":\"Entdecken Sie die Vielfalt schw\u00e4bischer K\u00fcche, erleben Sie erstklassige BBQ-Events und tauchen Sie ein in die Welt des Whiskys bei unseren exklusiven Veranstaltungen im Hotel Krone. Genie\u00dfen Sie kulinarische H\u00f6hepunkte und unvergessliche Geschmackserlebnisse in Nellingen\",\"breadcrumb\":{\"@id\":\"https:\\\/\\\/www.krone-nellingen.de\\\/index.php\\\/restaurant#breadcrumb\"},\"inLanguage\":\"de\",\"potentialAction\":[{\"@type\":\"ReadAction\",\"target\":[\"https:\\\/\\\/www.krone-nellingen.de\\\/index.php\\\/restaurant\"]}]},{\"@type\":\"BreadcrumbList\",\"@id\":\"https:\\\/\\\/www.krone-nellingen.de\\\/index.php\\\/restaurant#breadcrumb\",\"itemListElement\":[{\"@type\":\"ListItem\",\"position\":1,\"name\":\"Startseite\",\"item\":\"https:\\\/\\\/www.krone-nellingen.de\\\/\"},{\"@type\":\"ListItem\",\"position\":2,\"name\":\"Restaurant\"}]},{\"@type\":\"WebSite\",\"@id\":\"https:\\\/\\\/www.krone-nellingen.de\\\/?lang=en\\\/#website\",\"url\":\"https:\\\/\\\/www.krone-nellingen.de\\\/?lang=en\\\/\",\"name\":\"Hotel Krone Nellingen\",\"description\":\"Hotel Krone\",\"publisher\":{\"@id\":\"https:\\\/\\\/www.krone-nellingen.de\\\/?lang=en\\\/#organization\"},\"potentialAction\":[{\"@type\":\"SearchAction\",\"target\":{\"@type\":\"EntryPoint\",\"urlTemplate\":\"https:\\\/\\\/www.krone-nellingen.de\\\/?lang=en\\\/?s={search_term_string}\"},\"query-input\":{\"@type\":\"PropertyValueSpecification\",\"valueRequired\":true,\"valueName\":\"search_term_string\"}}],\"inLanguage\":\"de\"},{\"@type\":\"Organization\",\"@id\":\"https:\\\/\\\/www.krone-nellingen.de\\\/?lang=en\\\/#organization\",\"name\":\"Hotel Krone\",\"url\":\"https:\\\/\\\/www.krone-nellingen.de\\\/?lang=en\\\/\",\"logo\":{\"@type\":\"ImageObject\",\"inLanguage\":\"de\",\"@id\":\"https:\\\/\\\/www.krone-nellingen.de\\\/?lang=en\\\/#\\\/schema\\\/logo\\\/image\\\/\",\"url\":\"https:\\\/\\\/www.krone-nellingen.de\\\/wp-content\\\/uploads\\\/logo-hotel-krone-neu.png\",\"contentUrl\":\"https:\\\/\\\/www.krone-nellingen.de\\\/wp-content\\\/uploads\\\/logo-hotel-krone-neu.png\",\"width\":585,\"height\":416,\"caption\":\"Hotel Krone\"},\"image\":{\"@id\":\"https:\\\/\\\/www.krone-nellingen.de\\\/?lang=en\\\/#\\\/schema\\\/logo\\\/image\\\/\"}}]}<\/script>\n<!-- \/ Yoast SEO plugin. -->","yoast_head_json":{"title":"Schw\u00e4bische K\u00fcche, BBQ und Whiskyevents im Hotel Krone","description":"Entdecken Sie die Vielfalt schw\u00e4bischer K\u00fcche, erleben Sie erstklassige BBQ-Events und tauchen Sie ein in die Welt des Whiskys bei unseren exklusiven Veranstaltungen im Hotel Krone. Genie\u00dfen Sie kulinarische H\u00f6hepunkte und unvergessliche Geschmackserlebnisse in Nellingen","robots":{"index":"index","follow":"follow","max-snippet":"max-snippet:-1","max-image-preview":"max-image-preview:large","max-video-preview":"max-video-preview:-1"},"canonical":"https:\/\/www.krone-nellingen.de\/index.php\/restaurant","og_locale":"de_DE","og_type":"article","og_title":"Schw\u00e4bische K\u00fcche, BBQ und Whiskyevents im Hotel Krone","og_description":"Entdecken Sie die Vielfalt schw\u00e4bischer K\u00fcche, erleben Sie erstklassige BBQ-Events und tauchen Sie ein in die Welt des Whiskys bei unseren exklusiven Veranstaltungen im Hotel Krone. Genie\u00dfen Sie kulinarische H\u00f6hepunkte und unvergessliche Geschmackserlebnisse in Nellingen","og_url":"https:\/\/www.krone-nellingen.de\/index.php\/restaurant","og_site_name":"Hotel Krone Nellingen","article_modified_time":"2025-11-16T15:12:13+00:00","twitter_card":"summary_large_image","twitter_misc":{"Gesch\u00e4tzte Lesezeit":"2\u00a0Minuten"},"schema":{"@context":"https:\/\/schema.org","@graph":[{"@type":"WebPage","@id":"https:\/\/www.krone-nellingen.de\/index.php\/restaurant","url":"https:\/\/www.krone-nellingen.de\/index.php\/restaurant","name":"Schw\u00e4bische K\u00fcche, BBQ und Whiskyevents im Hotel Krone","isPartOf":{"@id":"https:\/\/www.krone-nellingen.de\/?lang=en\/#website"},"datePublished":"2015-10-15T11:51:27+00:00","dateModified":"2025-11-16T15:12:13+00:00","description":"Entdecken Sie die Vielfalt schw\u00e4bischer K\u00fcche, erleben Sie erstklassige BBQ-Events und tauchen Sie ein in die Welt des Whiskys bei unseren exklusiven Veranstaltungen im Hotel Krone. Genie\u00dfen Sie kulinarische H\u00f6hepunkte und unvergessliche Geschmackserlebnisse in Nellingen","breadcrumb":{"@id":"https:\/\/www.krone-nellingen.de\/index.php\/restaurant#breadcrumb"},"inLanguage":"de","potentialAction":[{"@type":"ReadAction","target":["https:\/\/www.krone-nellingen.de\/index.php\/restaurant"]}]},{"@type":"BreadcrumbList","@id":"https:\/\/www.krone-nellingen.de\/index.php\/restaurant#breadcrumb","itemListElement":[{"@type":"ListItem","position":1,"name":"Startseite","item":"https:\/\/www.krone-nellingen.de\/"},{"@type":"ListItem","position":2,"name":"Restaurant"}]},{"@type":"WebSite","@id":"https:\/\/www.krone-nellingen.de\/?lang=en\/#website","url":"https:\/\/www.krone-nellingen.de\/?lang=en\/","name":"Hotel Krone Nellingen","description":"Hotel Krone","publisher":{"@id":"https:\/\/www.krone-nellingen.de\/?lang=en\/#organization"},"potentialAction":[{"@type":"SearchAction","target":{"@type":"EntryPoint","urlTemplate":"https:\/\/www.krone-nellingen.de\/?lang=en\/?s={search_term_string}"},"query-input":{"@type":"PropertyValueSpecification","valueRequired":true,"valueName":"search_term_string"}}],"inLanguage":"de"},{"@type":"Organization","@id":"https:\/\/www.krone-nellingen.de\/?lang=en\/#organization","name":"Hotel Krone","url":"https:\/\/www.krone-nellingen.de\/?lang=en\/","logo":{"@type":"ImageObject","inLanguage":"de","@id":"https:\/\/www.krone-nellingen.de\/?lang=en\/#\/schema\/logo\/image\/","url":"https:\/\/www.krone-nellingen.de\/wp-content\/uploads\/logo-hotel-krone-neu.png","contentUrl":"https:\/\/www.krone-nellingen.de\/wp-content\/uploads\/logo-hotel-krone-neu.png","width":585,"height":416,"caption":"Hotel Krone"},"image":{"@id":"https:\/\/www.krone-nellingen.de\/?lang=en\/#\/schema\/logo\/image\/"}}]}},"_links":{"self":[{"href":"https:\/\/www.krone-nellingen.de\/index.php\/wp-json\/wp\/v2\/pages\/417","targetHints":{"allow":["GET"]}}],"collection":[{"href":"https:\/\/www.krone-nellingen.de\/index.php\/wp-json\/wp\/v2\/pages"}],"about":[{"href":"https:\/\/www.krone-nellingen.de\/index.php\/wp-json\/wp\/v2\/types\/page"}],"author":[{"embeddable":true,"href":"https:\/\/www.krone-nellingen.de\/index.php\/wp-json\/wp\/v2\/users\/1"}],"replies":[{"embeddable":true,"href":"https:\/\/www.krone-nellingen.de\/index.php\/wp-json\/wp\/v2\/comments?post=417"}],"version-history":[{"count":38,"href":"https:\/\/www.krone-nellingen.de\/index.php\/wp-json\/wp\/v2\/pages\/417\/revisions"}],"predecessor-version":[{"id":2171,"href":"https:\/\/www.krone-nellingen.de\/index.php\/wp-json\/wp\/v2\/pages\/417\/revisions\/2171"}],"wp:attachment":[{"href":"https:\/\/www.krone-nellingen.de\/index.php\/wp-json\/wp\/v2\/media?parent=417"}],"curies":[{"name":"wp","href":"https:\/\/api.w.org\/{rel}","templated":true}]}}